{"id":1356,"date":"2025-08-14T07:06:21","date_gmt":"2025-08-14T07:06:21","guid":{"rendered":"https:\/\/www.taborcheb.cz\/?page_id=1356"},"modified":"2025-09-10T10:24:11","modified_gmt":"2025-09-10T10:24:11","slug":"pokemon","status":"publish","type":"page","link":"https:\/\/www.taborcheb.cz\/?page_id=1356","title":{"rendered":"Pokemon"},"content":{"rendered":"\t\t<div data-elementor-type=\"wp-page\" data-elementor-id=\"1356\" class=\"elementor elementor-1356\">\n\t\t\t\t<div class=\"elementor-element elementor-element-6caac0a e-flex e-con-boxed e-con e-parent\" data-id=\"6caac0a\" data-element_type=\"container\">\n\t\t\t\t\t<div class=\"e-con-inner\">\n\t\t\t\t<div class=\"elementor-element elementor-element-d426e02 elementor-widget elementor-widget-text-editor\" data-id=\"d426e02\" data-element_type=\"widget\" data-widget_type=\"text-editor.default\">\n\t\t\t\t\t\t\t\t\t<p><span style=\"color: #000080;\">Ve \u0161koln\u00edm roce 2025\/2026 bychom r\u00e1di nab\u00eddli krou\u017eek pro d\u011bti a mladistv\u00e9, kte\u0159\u00ed by cht\u011bli vyzkou\u0161et karetn\u00ed hru Pokemon TCG a naj\u00edt kamar\u00e1dy se stejnou z\u00e1libou. Mezi dal\u0161\u00ed aktivity bude hran\u00ed Pokemon GO, kreativn\u00ed aktivity a p\u0159\u00edpadn\u011b kv\u00edzy dle v\u011bku \u00fa\u010dastn\u00edk\u016f. Krou\u017eek bude prob\u00edhat jednou t\u00fddn\u011b po cel\u00fd \u0161koln\u00ed rok krom\u011b sv\u00e1tk\u016f a pr\u00e1zdnin.<\/span><\/p>\n<p><span style=\"color: #000080;\">V\u00fdhodou \u010di nev\u00fdhodou m\u016f\u017ee b\u00fdt, \u017ee cel\u00e1 karetn\u00ed hra Pokemon TCG i Pokemon GO jsou v angli\u010dtin\u011b. V\u0161echno si budeme spole\u010dn\u011b p\u0159ekl\u00e1dat a ps\u00e1t do POK\u00c9DEXU, kter\u00fd mus\u00ed m\u00edt ka\u017ed\u00fd spr\u00e1vn\u00fd tren\u00e9r pokemon\u016f. \ud83d\ude00<\/span><\/p>\n<p><span style=\"color: #000080;\">Krou\u017eek se uskute\u010dn\u00ed p\u0159i minim\u00e1ln\u00edm po\u010dtu 4 d\u011bt\u00ed.<\/span><\/p>\t\t\t\t\t\t\t\t<\/div>\n\t\t\t\t\t<\/div>\n\t\t\t\t<\/div>\n\t\t<div class=\"elementor-element elementor-element-d4368eb e-flex e-con-boxed e-con e-parent\" data-id=\"d4368eb\" data-element_type=\"container\">\n\t\t\t\t\t<div class=\"e-con-inner\">\n\t\t\t\t<div class=\"elementor-element elementor-element-48aa8e5 elementor-widget elementor-widget-text-editor\" data-id=\"48aa8e5\" data-element_type=\"widget\" data-widget_type=\"text-editor.default\">\n\t\t\t\t\t\t\t\t\t<h4 style=\"text-align: center;\"><span style=\"text-decoration: underline;\"><a href=\"https:\/\/www.taborcheb.cz\/?page_id=1556\"><strong><span style=\"color: #000080; text-decoration: underline;\">V P\u0158\u00cdPAD\u011a Z\u00c1JMU VYPL\u0147TE NEZ\u00c1VAZNOU P\u0158IHL\u00c1\u0160KU ZDE!<\/span><\/strong><\/a><\/span><\/h4>\t\t\t\t\t\t\t\t<\/div>\n\t\t\t\t\t<\/div>\n\t\t\t\t<\/div>\n\t\t<div class=\"elementor-element elementor-element-01fb93b e-flex e-con-boxed e-con e-parent\" data-id=\"01fb93b\" data-element_type=\"container\">\n\t\t\t\t\t<div class=\"e-con-inner\">\n\t\t\t\t<div class=\"elementor-element elementor-element-ba40d0d elementor-widget elementor-widget-image\" data-id=\"ba40d0d\" data-element_type=\"widget\" data-widget_type=\"image.default\">\n\t\t\t\t\t\t\t\t\t\t\t\t\t\t\t<img fetchpriority=\"high\" decoding=\"async\" width=\"800\" height=\"534\" src=\"https:\/\/www.taborcheb.cz\/wp-content\/uploads\/2025\/08\/ChatGPT-Image-14.-8.-2025-09_31_19-1024x683.png\" class=\"attachment-large size-large wp-image-1359\" alt=\"\" srcset=\"https:\/\/www.taborcheb.cz\/wp-content\/uploads\/2025\/08\/ChatGPT-Image-14.-8.-2025-09_31_19-1024x683.png 1024w, https:\/\/www.taborcheb.cz\/wp-content\/uploads\/2025\/08\/ChatGPT-Image-14.-8.-2025-09_31_19-300x200.png 300w, https:\/\/www.taborcheb.cz\/wp-content\/uploads\/2025\/08\/ChatGPT-Image-14.-8.-2025-09_31_19-768x512.png 768w, https:\/\/www.taborcheb.cz\/wp-content\/uploads\/2025\/08\/ChatGPT-Image-14.-8.-2025-09_31_19-1200x800.png 1200w, https:\/\/www.taborcheb.cz\/wp-content\/uploads\/2025\/08\/ChatGPT-Image-14.-8.-2025-09_31_19.png 1536w\" sizes=\"(max-width: 800px) 100vw, 800px\" \/>\t\t\t\t\t\t\t\t\t\t\t\t\t\t\t<\/div>\n\t\t\t\t\t<\/div>\n\t\t\t\t<\/div>\n\t\t<div class=\"elementor-element elementor-element-4fff403 e-flex e-con-boxed e-con e-parent\" data-id=\"4fff403\" data-element_type=\"container\">\n\t\t\t\t\t<div class=\"e-con-inner\">\n\t\t\t\t<div class=\"elementor-element elementor-element-0b50d29 elementor-widget elementor-widget-text-editor\" data-id=\"0b50d29\" data-element_type=\"widget\" data-widget_type=\"text-editor.default\">\n\t\t\t\t\t\t\t\t\t<p><span style=\"color: #000080;\"><b>Pok\u00e9mon Trading Card Game <\/b>je\u00a0sb\u011bratelsk\u00e1 karetn\u00ed hra\u00a0s tematikou\u00a0Pok\u00e9mon<sup id=\"cite_ref-1\" class=\"reference\"><\/sup>.<\/span><\/p><p><span style=\"color: #000080;\">Jde o strategickou hru, kde hraj\u00ed dva hr\u00e1\u010di proti sob\u011b v roli tren\u00e9ra Pok\u00e9mon\u016f. C\u00edlem je pomoc\u00ed \u00fatok\u016f (s\u00edla je napsan\u00e1 na kart\u011b, k pou\u017eit\u00ed \u00fatok\u016f je pot\u0159eba p\u0159idat dan\u00e9 &#8222;energie&#8220;) soupe\u0159ova pok\u00e9mona vy\u0159adit t\u00edm, \u017ee mu &#8222;vezmete&#8220; v\u0161echny HP (po\u010det HP je naps\u00e1n na horn\u00edm prav\u00e9m rohu karty). Karta obsahuje tak\u00e9 ilustraci, \u010d\u00edslo\u00a0Pok\u00e9dexu, ozna\u010den\u00ed edice, \u010d\u00edslo edice a dal\u0161\u00ed informace. Hr\u00e1\u010di za\u010d\u00ednaj\u00ed t\u00edm, \u017ee hod\u00ed minc\u00ed, kter\u00e1 rozhodne o tom, kdo p\u016fjde hr\u00e1t prvn\u00ed a kdo druh\u00fd. Nej\u010dast\u011bj\u0161\u00ed podm\u00ednkou v\u00fdhry je p\u0159evzet\u00ed v\u0161ech \u0161esti v\u00fdhern\u00edch karet, kter\u00e9 se tahaj\u00ed z bal\u00ed\u010dku. Dal\u0161\u00ed zp\u016fsoby, jak vyhr\u00e1t, jsou vy\u0159azen\u00ed nebo odstran\u011bn\u00ed v\u0161ech soupe\u0159ov\u00fdch Pok\u00e9mon\u016f, kter\u00e9 m\u00e1 ve h\u0159e i v z\u00e1loze nebo Decked Out, kter\u00fd nast\u00e1v\u00e1, pokud soupe\u0159 v p\u0159\u00ed\u0161t\u00edm tahu nem\u00e1 v bal\u00ed\u010dku \u017e\u00e1dn\u00e9 karty, z kter\u00fdch by si je mohl dobrat.<\/span><\/p><p><span style=\"color: #000080;\">P\u0159evzato z <span style=\"color: #ffcc00;\"><a style=\"color: #ffcc00;\" href=\"https:\/\/cs.wikipedia.org\/wiki\/Pok%C3%A9mon_Trading_Card_Game\">Pok\u00e9mon Trading Card Game \u2013 Wikipedie<\/a><\/span><\/span><\/p>\t\t\t\t\t\t\t\t<\/div>\n\t\t\t\t\t<\/div>\n\t\t\t\t<\/div>\n\t\t<div class=\"elementor-element elementor-element-8172518 e-flex e-con-boxed e-con e-parent\" data-id=\"8172518\" data-element_type=\"container\">\n\t\t\t\t\t<div class=\"e-con-inner\">\n\t\t\t\t<div class=\"elementor-element elementor-element-63579ee elementor-widget elementor-widget-text-editor\" data-id=\"63579ee\" data-element_type=\"widget\" data-widget_type=\"text-editor.default\">\n\t\t\t\t\t\t\t\t\t<p><span style=\"color: #000080;\"><b>Pok\u00e9mon Go<\/b> je mobiln\u00ed aplikace a videohra zalo\u017een\u00e1 na principu\u00a0roz\u0161\u00ed\u0159en\u00e9 reality, spu\u0161t\u011bna byla v \u010dervenci\u00a02016. Prost\u0159ednictv\u00edm aplikace propojuje hern\u00ed prost\u0159ed\u00ed s re\u00e1ln\u00fdm sv\u011btem, k \u010demu\u017e se vyu\u017e\u00edv\u00e1\u00a0GPS\u00a0a kamera telefonu.<\/span><\/p>\n<p><span style=\"color: #000080;\">Hra za\u010d\u00edn\u00e1 zvolen\u00edm postavy (pohlav\u00ed a vizu\u00e1ln\u00edho vzhledu- kter\u00fd je posl\u00e9ze mo\u017eno ve h\u0159e d\u00e1le upravovat).<\/span><\/p>\n<p><span style=\"color: #000080;\">Posl\u00e9ze se hr\u00e1\u010di za\u010dnou objevovat pok\u00e9moni- ty je mo\u017en\u00e9 chytat, k tomu je pot\u0159eba pok\u00e9ball (r\u016fzn\u00e9 typy pok\u00e9mon\u016f maj\u00ed r\u016fznou obt\u00ed\u017enost na chycen\u00ed).<\/span><\/p>\n<p><span style=\"color: #000080;\">Pok\u00e9ball\u016f nen\u00ed neomezen\u00e9 mno\u017estv\u00ed a dal\u0161\u00ed je mo\u017en\u00e9 z\u00edskat nav\u0161t\u011bvov\u00e1n\u00edm tzv.\u00a0<i>pok\u00e9stop\u016f<\/i>, kter\u00e9 existuj\u00ed typicky na historick\u00fdch m\u00edstech, soch\u00e1ch a zaj\u00edmavostech. Z pok\u00e9stop\u016f hr\u00e1\u010di z\u00edsk\u00e1vaj\u00ed prakticky v\u0161echny hern\u00ed p\u0159edm\u011bty &#8211; krom\u011b pok\u00e9mona &#8211; nap\u0159\u00edklad ale je mo\u017eno z\u00edskat i vaj\u00ed\u010dka, kter\u00e9 lze posl\u00e9ze um\u00edstit do hern\u00edho inkub\u00e1toru a za pomoc\u00ed nachozen\u00fdch kilometr\u016f se d\u0159\u00edve, \u010di pozd\u011bji vyl\u00edhnou nov\u00ed pok\u00e9moni.<\/span><\/p>\n<p><span style=\"color: #000080;\">P\u0159evzato z <span style=\"color: #ffcc00;\"><a style=\"color: #ffcc00;\" href=\"https:\/\/cs.wikipedia.org\/wiki\/Pok%C3%A9mon_Go\">Pok\u00e9mon Go \u2013 Wikipedie<\/a><\/span><\/span><\/p>\t\t\t\t\t\t\t\t<\/div>\n\t\t\t\t\t<\/div>\n\t\t\t\t<\/div>\n\t\t<div class=\"elementor-element elementor-element-61a064b e-flex e-con-boxed e-con e-parent\" data-id=\"61a064b\" data-element_type=\"container\">\n\t\t\t\t\t<div class=\"e-con-inner\">\n\t\t<div class=\"elementor-element elementor-element-257790a e-con-full e-flex e-con e-child\" data-id=\"257790a\" data-element_type=\"container\">\n\t\t\t\t<div class=\"elementor-element elementor-element-3969a06 elementor-widget elementor-widget-image\" data-id=\"3969a06\" data-element_type=\"widget\" data-widget_type=\"image.default\">\n\t\t\t\t\t\t\t\t\t\t\t\t\t\t\t<img decoding=\"async\" width=\"724\" height=\"1024\" src=\"https:\/\/www.taborcheb.cz\/wp-content\/uploads\/2025\/08\/letak_POKEMON-724x1024.png\" class=\"attachment-large size-large wp-image-1492\" alt=\"\" srcset=\"https:\/\/www.taborcheb.cz\/wp-content\/uploads\/2025\/08\/letak_POKEMON-724x1024.png 724w, https:\/\/www.taborcheb.cz\/wp-content\/uploads\/2025\/08\/letak_POKEMON-212x300.png 212w, https:\/\/www.taborcheb.cz\/wp-content\/uploads\/2025\/08\/letak_POKEMON-768x1086.png 768w, https:\/\/www.taborcheb.cz\/wp-content\/uploads\/2025\/08\/letak_POKEMON-1086x1536.png 1086w, https:\/\/www.taborcheb.cz\/wp-content\/uploads\/2025\/08\/letak_POKEMON.png 1414w\" sizes=\"(max-width: 724px) 100vw, 724px\" \/>\t\t\t\t\t\t\t\t\t\t\t\t\t\t\t<\/div>\n\t\t\t\t<\/div>\n\t\t<div class=\"elementor-element elementor-element-fe4b117 e-con-full e-flex e-con e-child\" data-id=\"fe4b117\" data-element_type=\"container\">\n\t\t\t\t<div class=\"elementor-element elementor-element-8d4b0e3 elementor-widget elementor-widget-html\" data-id=\"8d4b0e3\" data-element_type=\"widget\" data-widget_type=\"html.default\">\n\t\t\t\t\t<iframe src=\"https:\/\/calendar.google.com\/calendar\/embed?height=600&wkst=2&ctz=Europe%2FWarsaw&showPrint=0&showTitle=0&showDate=0&mode=AGENDA&src=MjYxYWZhZGJkNDA2OTU3OTczODdmZWEyZDlhZTJhOTk1NmI5MDhmOGMxZGU1MTEyODI0Nzc3ZTNhMzUwNTY5OUBncm91cC5jYWxlbmRhci5nb29nbGUuY29t&src=OWFkZjQ0OGJhOTZhZmMyYmNkMGE0YmM3ZDU4Zjg2ZWU3ZDI3YWU4MjBlM2I4YjU1MjcyMTQ3Nzk5NTc2ZmE2NUBncm91cC5jYWxlbmRhci5nb29nbGUuY29t&color=%237cb342&color=%233f51b5\" style=\"border:solid 1px #777\" width=\"500\" height=\"600\" frameborder=\"0\" scrolling=\"no\"><\/iframe>\t\t\t\t<\/div>\n\t\t\t\t<\/div>\n\t\t\t\t\t<\/div>\n\t\t\t\t<\/div>\n\t\t<div class=\"elementor-element elementor-element-ed69803 e-flex e-con-boxed e-con e-parent\" data-id=\"ed69803\" data-element_type=\"container\">\n\t\t\t\t\t<div class=\"e-con-inner\">\n\t\t\t\t<div class=\"elementor-element elementor-element-7891606 elementor-widget elementor-widget-heading\" data-id=\"7891606\" data-element_type=\"widget\" data-widget_type=\"heading.default\">\n\t\t\t\t\t<h2 class=\"elementor-heading-title elementor-size-default\">INFORMACE O KROU\u017dKU<\/h2>\t\t\t\t<\/div>\n\t\t\t\t\t<\/div>\n\t\t\t\t<\/div>\n\t\t<div class=\"elementor-element elementor-element-a28d958 e-flex e-con-boxed e-con e-parent\" data-id=\"a28d958\" data-element_type=\"container\">\n\t\t\t\t\t<div class=\"e-con-inner\">\n\t\t\t\t<div class=\"elementor-element elementor-element-527d89d elementor-widget elementor-widget-text-editor\" data-id=\"527d89d\" data-element_type=\"widget\" data-widget_type=\"text-editor.default\">\n\t\t\t\t\t\t\t\t\t<p><span style=\"color: #000080;\"><span style=\"color: #000080;\">KDY: ka\u017ed\u00fd \u010dtvrtek od 17:30 do 19:00 (19:30) krom\u011b sv\u00e1tk\u016f a pr\u00e1zdnin<\/span><\/span><\/p><p><span style=\"color: #000080;\">KDE: klubovna spolku na adrese Karlova 17, 35002 Cheb (zvonek LIBRE CHEB)\u00a0<\/span><\/p><p><span style=\"color: #000080;\">KDO: pro d\u011bti a mladistv\u00e9 od ukon\u010den\u00ed 1. t\u0159\u00eddy<\/span><\/p><p><span style=\"color: #000080;\">VEDOUC\u00cd KROU\u017dKU: Kate\u0159ina Pokorn\u00e1 +420 731 950 130<\/span><\/p><p><span style=\"color: #000080;\">SKUPINA NA WHATSAPP PRO RODI\u010cE &#8211; omlouv\u00e1n\u00ed d\u011bt\u00ed, kontakt<\/span><\/p><p><span style=\"color: #000080;\">V cen\u011b poukazu za krou\u017eek je obsa\u017een pron\u00e1jem prostor, materi\u00e1ln\u00ed zabezpe\u010den\u00ed krou\u017eku a bal\u00ed\u010dky karet, kter\u00e9 si d\u011bti po krou\u017eku nechaj\u00ed. \u00da\u010dastn\u00edk se automaticky st\u00e1v\u00e1 \u010dlenem spolku a t\u00edm m\u016f\u017ee vyu\u017e\u00edvat v\u00fdhodn\u011bj\u0161\u00ed cen akc\u00ed po\u0159\u00e1dan\u00fdch na\u0161\u00edm spolkem. Z\u00e1rove\u0148 je \u00fa\u010dastn\u00edk i poji\u0161t\u011bn od \u010cRDM, kde je sjednan\u00e9 poji\u0161t\u011bn\u00ed pro spolek.<\/span><\/p><p><span style=\"color: #000080;\">V p\u0159\u00edpad\u011b v\u011bt\u0161\u00edho mno\u017estv\u00ed d\u011bt\u00ed bude krou\u017eek dle mo\u017enost\u00ed rozd\u011blen na v\u00edcero term\u00edn\u016f.<\/span><\/p>\t\t\t\t\t\t\t\t<\/div>\n\t\t\t\t\t<\/div>\n\t\t\t\t<\/div>\n\t\t<div class=\"elementor-element elementor-element-926e82d e-flex e-con-boxed e-con e-parent\" data-id=\"926e82d\" data-element_type=\"container\">\n\t\t\t\t\t<div class=\"e-con-inner\">\n\t\t\t\t<div class=\"elementor-element elementor-element-83849b1 elementor-widget elementor-widget-heading\" data-id=\"83849b1\" data-element_type=\"widget\" data-widget_type=\"heading.default\">\n\t\t\t\t\t<h2 class=\"elementor-heading-title elementor-size-default\">V\u0160E T\u00ddKAJ\u00cdC\u00cd SE PLATEB<\/h2>\t\t\t\t<\/div>\n\t\t\t\t\t<\/div>\n\t\t\t\t<\/div>\n\t\t<div class=\"elementor-element elementor-element-9a11a4e e-flex e-con-boxed e-con e-parent\" data-id=\"9a11a4e\" data-element_type=\"container\">\n\t\t\t\t\t<div class=\"e-con-inner\">\n\t\t\t\t<div class=\"elementor-element elementor-element-61b5fc0 elementor-widget elementor-widget-text-editor\" data-id=\"61b5fc0\" data-element_type=\"widget\" data-widget_type=\"text-editor.default\">\n\t\t\t\t\t\t\t\t\t<p><span style=\"color: #000080;\">CENA: 2 100 K\u010d pololet\u00ed\u00a0<\/span><\/p><p><span style=\"color: #000080;\">Po p\u0159ijet\u00ed p\u0159ihl\u00e1\u0161ky z formul\u00e1\u0159e budete kontaktov\u00e1ni emailem, kde bude p\u0159ilo\u017eena i faktura za krou\u017eek.<\/span><\/p><p><span style=\"color: #000080;\">V p\u0159\u00edpad\u011b, \u017ee se krou\u017eek neuskute\u010dn\u00ed (nebude spln\u011bn minim\u00e1ln\u00ed limit), bude ji\u017e uhrazen\u00e1 platba v cel\u00e9 v\u00fd\u0161i vr\u00e1cena.<\/span><\/p>\t\t\t\t\t\t\t\t<\/div>\n\t\t\t\t\t<\/div>\n\t\t\t\t<\/div>\n\t\t<div class=\"elementor-element elementor-element-4f4c88d e-flex e-con-boxed e-con e-parent\" data-id=\"4f4c88d\" data-element_type=\"container\">\n\t\t\t\t\t<div class=\"e-con-inner\">\n\t\t\t\t<div class=\"elementor-element elementor-element-3037606 elementor-widget elementor-widget-heading\" data-id=\"3037606\" data-element_type=\"widget\" data-widget_type=\"heading.default\">\n\t\t\t\t\t<h2 class=\"elementor-heading-title elementor-size-default\">CO JSME D\u011aLALI NA KROU\u017dKU?<\/h2>\t\t\t\t<\/div>\n\t\t\t\t\t<\/div>\n\t\t\t\t<\/div>\n\t\t<div class=\"elementor-element elementor-element-a4778c5 e-flex e-con-boxed e-con e-parent\" data-id=\"a4778c5\" data-element_type=\"container\">\n\t\t\t\t\t<div class=\"e-con-inner\">\n\t\t<div class=\"elementor-element elementor-element-d0082b8 e-con-full e-flex e-con e-child\" data-id=\"d0082b8\" data-element_type=\"container\">\n\t\t\t\t<div class=\"elementor-element elementor-element-13cdee9 elementor-widget elementor-widget-heading\" data-id=\"13cdee9\" data-element_type=\"widget\" data-widget_type=\"heading.default\">\n\t\t\t\t\t<h2 class=\"elementor-heading-title elementor-size-default\">pololet\u00ed 9\/2025 - 1\/2026<\/h2>\t\t\t\t<\/div>\n\t\t\t\t<\/div>\n\t\t<div class=\"elementor-element elementor-element-76bf2c0 e-con-full e-flex e-con e-child\" data-id=\"76bf2c0\" data-element_type=\"container\">\n\t\t\t\t<div class=\"elementor-element elementor-element-d4d456e elementor-widget elementor-widget-heading\" data-id=\"d4d456e\" data-element_type=\"widget\" data-widget_type=\"heading.default\">\n\t\t\t\t\t<h2 class=\"elementor-heading-title elementor-size-default\">pololet\u00ed 2\/2026 - 6\/2026<\/h2>\t\t\t\t<\/div>\n\t\t\t\t<\/div>\n\t\t\t\t\t<\/div>\n\t\t\t\t<\/div>\n\t\t<div class=\"elementor-element elementor-element-a90a891 e-flex e-con-boxed e-con e-parent\" data-id=\"a90a891\" data-element_type=\"container\">\n\t\t\t\t\t<div class=\"e-con-inner\">\n\t\t<div class=\"elementor-element elementor-element-16ff803 e-con-full e-flex e-con e-child\" data-id=\"16ff803\" data-element_type=\"container\">\n\t\t\t\t<div class=\"elementor-element elementor-element-9242583 elementor-widget elementor-widget-text-editor\" data-id=\"9242583\" data-element_type=\"widget\" data-widget_type=\"text-editor.default\">\n\t\t\t\t\t\t\t\t\t<p><span style=\"color: #000080;\">18.9. &#8211; Sezn\u00e1men\u00ed, BOZP, \u00favod do karti\u010dek.<\/span><\/p><p><span style=\"color: #000080;\">25.9. &#8211;<\/span><\/p><p><span style=\"color: #000080;\">2.10. &#8211;<\/span><\/p><p><span style=\"color: #000080;\">9.10. &#8211;<\/span><\/p><p><span style=\"color: #000080;\">16.10. &#8211;<\/span><\/p><p><span style=\"color: #000080;\">23.10. &#8211;<\/span><\/p><p><span style=\"color: #000080;\">30<\/span><span style=\"color: #000080; font-size: 14px;\">.10. &#8211;<\/span><\/p><p><span style=\"color: #000080;\">6.11. &#8211;<\/span><\/p><p><span style=\"color: #000080;\">13.11. &#8211;<\/span><\/p><p><span style=\"color: #000080;\">20.11. &#8211;<\/span><\/p><p><span style=\"color: #000080;\">27.11. &#8211;<\/span><\/p><p><span style=\"color: #000080;\">4.12. &#8211;<\/span><\/p><p><span style=\"color: #000080;\">11.12. &#8211;<\/span><\/p><p><span style=\"color: #000080;\">18.12. &#8211;<\/span><\/p><p><span style=\"color: #000080; font-size: 14px;\">25.12. &#8211; ZRU\u0160ENO (zimn\u00ed pr\u00e1zdniny)<\/span><\/p><p><span style=\"color: #000080;\">1.1. &#8211; ZRU\u0160ENO (zimn\u00ed pr\u00e1zdniny)<\/span><\/p><p><span style=\"color: #000080;\">8.1. &#8211;<\/span><\/p><p><span style=\"color: #000080;\">15.1. &#8211;<\/span><\/p><p><span style=\"color: #000080;\">22.1. &#8211;<\/span><\/p>\t\t\t\t\t\t\t\t<\/div>\n\t\t\t\t<\/div>\n\t\t<div class=\"elementor-element elementor-element-040b2d7 e-con-full e-flex e-con e-child\" data-id=\"040b2d7\" data-element_type=\"container\">\n\t\t\t\t<\/div>\n\t\t\t\t\t<\/div>\n\t\t\t\t<\/div>\n\t\t<div class=\"elementor-element elementor-element-9c07306 e-flex e-con-boxed e-con e-parent\" data-id=\"9c07306\" data-element_type=\"container\">\n\t\t\t\t\t<div class=\"e-con-inner\">\n\t\t\t\t\t<\/div>\n\t\t\t\t<\/div>\n\t\t\t\t<\/div>\n\t\t","protected":false},"excerpt":{"rendered":"<p>Ve \u0161koln\u00edm roce 2025\/2026 bychom r\u00e1di nab\u00eddli krou\u017eek pro d\u011bti a mladistv\u00e9, kte\u0159\u00ed by cht\u011bli vyzkou\u0161et karetn\u00ed hru Pokemon TCG<\/p>\n","protected":false},"author":1,"featured_media":0,"parent":0,"menu_order":0,"comment_status":"closed","ping_status":"closed","template":"","meta":{"footnotes":""},"class_list":["post-1356","page","type-page","status-publish","hentry"],"_links":{"self":[{"href":"https:\/\/www.taborcheb.cz\/index.php?rest_route=\/wp\/v2\/pages\/1356","targetHints":{"allow":["GET"]}}],"collection":[{"href":"https:\/\/www.taborcheb.cz\/index.php?rest_route=\/wp\/v2\/pages"}],"about":[{"href":"https:\/\/www.taborcheb.cz\/index.php?rest_route=\/wp\/v2\/types\/page"}],"author":[{"embeddable":true,"href":"https:\/\/www.taborcheb.cz\/index.php?rest_route=\/wp\/v2\/users\/1"}],"replies":[{"embeddable":true,"href":"https:\/\/www.taborcheb.cz\/index.php?rest_route=%2Fwp%2Fv2%2Fcomments&post=1356"}],"version-history":[{"count":103,"href":"https:\/\/www.taborcheb.cz\/index.php?rest_route=\/wp\/v2\/pages\/1356\/revisions"}],"predecessor-version":[{"id":1611,"href":"https:\/\/www.taborcheb.cz\/index.php?rest_route=\/wp\/v2\/pages\/1356\/revisions\/1611"}],"wp:attachment":[{"href":"https:\/\/www.taborcheb.cz\/index.php?rest_route=%2Fwp%2Fv2%2Fmedia&parent=1356"}],"curies":[{"name":"wp","href":"https:\/\/api.w.org\/{rel}","templated":true}]}}