{"id":1612,"date":"2025-10-17T05:57:00","date_gmt":"2025-10-17T05:57:00","guid":{"rendered":"https:\/\/www.taborcheb.cz\/?page_id=1612"},"modified":"2025-10-17T05:58:55","modified_gmt":"2025-10-17T05:58:55","slug":"elementor-1612","status":"publish","type":"page","link":"https:\/\/www.taborcheb.cz\/?page_id=1612","title":{"rendered":"Turnaj BANG!"},"content":{"rendered":"\t\t<div data-elementor-type=\"wp-page\" data-elementor-id=\"1612\" class=\"elementor elementor-1612\">\n\t\t\t\t<div class=\"elementor-element elementor-element-1cafbca e-flex e-con-boxed e-con e-parent\" data-id=\"1cafbca\" data-element_type=\"container\">\n\t\t\t\t\t<div class=\"e-con-inner\">\n\t\t<div class=\"elementor-element elementor-element-339e7b3 e-con-full e-flex e-con e-child\" data-id=\"339e7b3\" data-element_type=\"container\">\n\t\t\t\t<div class=\"elementor-element elementor-element-8091865 elementor-widget elementor-widget-image\" data-id=\"8091865\" data-element_type=\"widget\" data-widget_type=\"image.default\">\n\t\t\t\t\t\t\t\t\t\t\t\t\t\t\t<img fetchpriority=\"high\" decoding=\"async\" width=\"800\" height=\"800\" src=\"https:\/\/www.taborcheb.cz\/wp-content\/uploads\/2025\/10\/LIBRE-CHEB-prispevky-1024x1024.png\" class=\"attachment-large size-large wp-image-1614\" alt=\"\" srcset=\"https:\/\/www.taborcheb.cz\/wp-content\/uploads\/2025\/10\/LIBRE-CHEB-prispevky-1024x1024.png 1024w, https:\/\/www.taborcheb.cz\/wp-content\/uploads\/2025\/10\/LIBRE-CHEB-prispevky-300x300.png 300w, https:\/\/www.taborcheb.cz\/wp-content\/uploads\/2025\/10\/LIBRE-CHEB-prispevky-150x150.png 150w, https:\/\/www.taborcheb.cz\/wp-content\/uploads\/2025\/10\/LIBRE-CHEB-prispevky-768x768.png 768w, https:\/\/www.taborcheb.cz\/wp-content\/uploads\/2025\/10\/LIBRE-CHEB-prispevky-600x600.png 600w, https:\/\/www.taborcheb.cz\/wp-content\/uploads\/2025\/10\/LIBRE-CHEB-prispevky.png 1080w\" sizes=\"(max-width: 800px) 100vw, 800px\" \/>\t\t\t\t\t\t\t\t\t\t\t\t\t\t\t<\/div>\n\t\t\t\t<\/div>\n\t\t\t\t\t<\/div>\n\t\t\t\t<\/div>\n\t\t<div class=\"elementor-element elementor-element-ef84228 e-flex e-con-boxed e-con e-parent\" data-id=\"ef84228\" data-element_type=\"container\">\n\t\t\t\t\t<div class=\"e-con-inner\">\n\t\t\t\t<div class=\"elementor-element elementor-element-18a0d76 elementor-widget elementor-widget-text-editor\" data-id=\"18a0d76\" data-element_type=\"widget\" data-widget_type=\"text-editor.default\">\n\t\t\t\t\t\t\t\t\t<p><span style=\"color: #000000;\">Bang, bang, bang! Bandit\u00e9 hon\u00ed \u0161erifa. \u0160erif p\u00e1l\u00ed po banditech. Odpadl\u00edk kuje pikle chv\u00edli tam a\u00a0zase tady. Kulky svi\u0161t\u00ed kolem u\u0161\u00ed. A\u00a0kdo z\u00a0hr\u00e1\u010d\u016f je\u00a0pomocn\u00edk \u0161erifa, p\u0159ipraven za n\u011bj polo\u017eit \u017eivot? A\u00a0kdo je\u00a0bezcitn\u00fd bandita, kter\u00fd si p\u0159eje \u0161erif\u016fv konec? Pokud to chcete zjistit, taste sv\u00e9 zbran\u011b (tedy karty)! Ve\u00a0h\u0159e Bang! je\u00a0d\u016fle\u017eit\u00e9 sledovat ostatn\u00ed hr\u00e1\u010de, abyste v\u010das odhalili hr\u00e1\u010dovu identitu.<\/span><\/p><p><span style=\"color: #000000;\">P\u0159evzato z<\/span> <a href=\"https:\/\/albi.cz\/hra-bang\/\">Bang! &#8211; Karetn\u00ed hra | Albi.cz<\/a><\/p>\t\t\t\t\t\t\t\t<\/div>\n\t\t\t\t\t<\/div>\n\t\t\t\t<\/div>\n\t\t<div class=\"elementor-element elementor-element-107637b e-flex e-con-boxed e-con e-parent\" data-id=\"107637b\" data-element_type=\"container\">\n\t\t\t\t\t<div class=\"e-con-inner\">\n\t\t\t\t<div class=\"elementor-element elementor-element-4215947 elementor-widget elementor-widget-heading\" data-id=\"4215947\" data-element_type=\"widget\" data-widget_type=\"heading.default\">\n\t\t\t\t\t<h2 class=\"elementor-heading-title elementor-size-default\"><a href=\"https:\/\/www.youtube.com\/watch?v=OOE_5D2zgJU\" target=\"_blank\">Videon\u00e1vod najdete ZDE<\/a><\/h2>\t\t\t\t<\/div>\n\t\t\t\t<div class=\"elementor-element elementor-element-4e104d3 elementor-widget elementor-widget-heading\" data-id=\"4e104d3\" data-element_type=\"widget\" data-widget_type=\"heading.default\">\n\t\t\t\t\t<h2 class=\"elementor-heading-title elementor-size-default\"><a href=\"https:\/\/www.scribd.com\/document\/660425864\/1603711687-Bang-Pravidla-Zakladni-Hry\" target=\"_blank\">Pravidla najdete ZDE<\/a><\/h2>\t\t\t\t<\/div>\n\t\t\t\t\t<\/div>\n\t\t\t\t<\/div>\n\t\t<div class=\"elementor-element elementor-element-4d91321 e-flex e-con-boxed e-con e-parent\" data-id=\"4d91321\" data-element_type=\"container\">\n\t\t\t\t\t<div class=\"e-con-inner\">\n\t\t\t\t<div class=\"elementor-element elementor-element-9b54dbd elementor-widget elementor-widget-text-editor\" data-id=\"9b54dbd\" data-element_type=\"widget\" data-widget_type=\"text-editor.default\">\n\t\t\t\t\t\t\t\t\t<ul><li><span style=\"color: #000000;\">Turnaj se uskute\u010dn\u00ed v sobotu 22.11.2025 od 16:00.<\/span><\/li><li><span style=\"color: #000000;\">V klubovn\u011b budeme ji\u017e d\u0159\u00edve, jeliko\u017e se uskute\u010dn\u00ed i pravideln\u00e9 deskovky, m\u016f\u017eete si vyzkou\u0161et jin\u00e9 hry nebo tr\u00e9novat na turnaj.<\/span><\/li><li><span style=\"color: #000000;\">Turnaje se mohou \u00fa\u010dastnit i mlad\u0161\u00ed 18 let, star\u0161\u00ed 15 let maj\u00ed p\u0159ednost p\u0159ed mlad\u0161\u00edmi, ale pokud se zjist\u00ed velk\u00fd z\u00e1jem, ud\u011bl\u00e1me turnaj i pro d\u011bti, aby m\u011bli vyrovnan\u00e9 \u0161ance.<\/span><\/li><li><span style=\"color: #000000;\">V klubovn\u011b bude zaji\u0161\u0165eno ke koupi mal\u00e9 ob\u010derstven\u00ed. Sebou pros\u00edm papu\u010de, na zemi m\u00e1me koberec.<\/span><\/li><li><span style=\"color: #000000;\">Minim\u00e1ln\u00ed po\u010det pro uskute\u010dn\u011bn\u00ed bude 10 hr\u00e1\u010d\u016f.<\/span><\/li><li><span style=\"color: #000000;\">Ocen\u011bn\u00ed: 1. m\u00edsto (poh\u00e1r, diplom, hra), 2. a 3. m\u00edsto (diplom a hra)<\/span><\/li><\/ul>\t\t\t\t\t\t\t\t<\/div>\n\t\t\t\t\t<\/div>\n\t\t\t\t<\/div>\n\t\t<div class=\"elementor-element elementor-element-32976a1 e-flex e-con-boxed e-con e-parent\" data-id=\"32976a1\" data-element_type=\"container\">\n\t\t\t\t\t<div class=\"e-con-inner\">\n\t\t\t\t<div class=\"elementor-element elementor-element-ece8ebd elementor-widget elementor-widget-heading\" data-id=\"ece8ebd\" data-element_type=\"widget\" data-widget_type=\"heading.default\">\n\t\t\t\t\t<h2 class=\"elementor-heading-title elementor-size-default\"><a href=\"https:\/\/www.taborcheb.cz\/?page_id=1556\" target=\"_blank\">P\u0159ihl\u00e1\u0161ky do turnaje najdete ZDE<\/a><\/h2>\t\t\t\t<\/div>\n\t\t\t\t\t<\/div>\n\t\t\t\t<\/div>\n\t\t\t\t<\/div>\n\t\t","protected":false},"excerpt":{"rendered":"<p>Bang, bang, bang! Bandit\u00e9 hon\u00ed \u0161erifa. \u0160erif p\u00e1l\u00ed po banditech. Odpadl\u00edk kuje pikle chv\u00edli tam a\u00a0zase tady. Kulky svi\u0161t\u00ed kolem<\/p>\n","protected":false},"author":1,"featured_media":0,"parent":732,"menu_order":0,"comment_status":"closed","ping_status":"closed","template":"","meta":{"footnotes":""},"class_list":["post-1612","page","type-page","status-publish","hentry"],"_links":{"self":[{"href":"https:\/\/www.taborcheb.cz\/index.php?rest_route=\/wp\/v2\/pages\/1612","targetHints":{"allow":["GET"]}}],"collection":[{"href":"https:\/\/www.taborcheb.cz\/index.php?rest_route=\/wp\/v2\/pages"}],"about":[{"href":"https:\/\/www.taborcheb.cz\/index.php?rest_route=\/wp\/v2\/types\/page"}],"author":[{"embeddable":true,"href":"https:\/\/www.taborcheb.cz\/index.php?rest_route=\/wp\/v2\/users\/1"}],"replies":[{"embeddable":true,"href":"https:\/\/www.taborcheb.cz\/index.php?rest_route=%2Fwp%2Fv2%2Fcomments&post=1612"}],"version-history":[{"count":8,"href":"https:\/\/www.taborcheb.cz\/index.php?rest_route=\/wp\/v2\/pages\/1612\/revisions"}],"predecessor-version":[{"id":1621,"href":"https:\/\/www.taborcheb.cz\/index.php?rest_route=\/wp\/v2\/pages\/1612\/revisions\/1621"}],"up":[{"embeddable":true,"href":"https:\/\/www.taborcheb.cz\/index.php?rest_route=\/wp\/v2\/pages\/732"}],"wp:attachment":[{"href":"https:\/\/www.taborcheb.cz\/index.php?rest_route=%2Fwp%2Fv2%2Fmedia&parent=1612"}],"curies":[{"name":"wp","href":"https:\/\/api.w.org\/{rel}","templated":true}]}}