{"id":775,"date":"2024-06-01T19:31:01","date_gmt":"2024-06-01T19:31:01","guid":{"rendered":"https:\/\/www.taborcheb.cz\/?page_id=775"},"modified":"2025-08-21T08:23:18","modified_gmt":"2025-08-21T08:23:18","slug":"oddil-capoeiry","status":"publish","type":"page","link":"https:\/\/www.taborcheb.cz\/?page_id=775","title":{"rendered":"Capoeira"},"content":{"rendered":"\t\t<div data-elementor-type=\"wp-page\" data-elementor-id=\"775\" class=\"elementor elementor-775\">\n\t\t\t\t<div class=\"elementor-element elementor-element-6caac0a e-flex e-con-boxed e-con e-parent\" data-id=\"6caac0a\" data-element_type=\"container\">\n\t\t\t\t\t<div class=\"e-con-inner\">\n\t\t\t\t<div class=\"elementor-element elementor-element-d426e02 elementor-widget elementor-widget-text-editor\" data-id=\"d426e02\" data-element_type=\"widget\" data-widget_type=\"text-editor.default\">\n\t\t\t\t\t\t\t\t\t<p><span style=\"color: #000080;\"><b>Zakladatelem klubu LIBRE CAPOEIRA TEAM je Pavel Jaru\u0161ek, kter\u00fd ji\u017e v roce 2003 za\u010dal p\u0159ed\u00e1vat sv\u00e9 zku\u0161enosti ostatn\u00edm z\u00e1jemc\u016fm.<\/b><\/span><\/p>\n<p><span style=\"color: #000080;\"><b>Klub m\u00e1 vlastn\u00ed facebook:<a style=\"color: #000080;\" href=\"https:\/\/www.facebook.com\/LCTCheb\">\u00a0<\/a><\/b><span style=\"color: #ffcc00;\"><a style=\"font-size: 16px; text-align: var(--text-align); color: #ffcc00;\" href=\"https:\/\/www.facebook.com\/LCTCheb\">Libre capoei<\/a><a style=\"font-size: 16px; text-align: var(--text-align); color: #ffcc00;\" href=\"https:\/\/www.facebook.com\/LCTCheb\">ra team<\/a><\/span><\/span><\/p>\t\t\t\t\t\t\t\t<\/div>\n\t\t\t\t\t<\/div>\n\t\t\t\t<\/div>\n\t\t<div class=\"elementor-element elementor-element-34d2a6a e-flex e-con-boxed e-con e-parent\" data-id=\"34d2a6a\" data-element_type=\"container\">\n\t\t\t\t\t<div class=\"e-con-inner\">\n\t\t\t\t<div class=\"elementor-element elementor-element-20e3f84 elementor-widget elementor-widget-text-editor\" data-id=\"20e3f84\" data-element_type=\"widget\" data-widget_type=\"text-editor.default\">\n\t\t\t\t\t\t\t\t\t<h4 style=\"text-align: center;\"><span style=\"text-decoration: underline;\"><a href=\"https:\/\/www.taborcheb.cz\/?page_id=1556\"><strong><span style=\"color: #000080; text-decoration: underline;\">V P\u0158\u00cdPAD\u011a Z\u00c1JMU VYPL\u0147TE NEZ\u00c1VAZNOU P\u0158IHL\u00c1\u0160KU ZDE!<\/span><\/strong><\/a><\/span><\/h4>\t\t\t\t\t\t\t\t<\/div>\n\t\t\t\t\t<\/div>\n\t\t\t\t<\/div>\n\t\t<div class=\"elementor-element elementor-element-01fb93b e-flex e-con-boxed e-con e-parent\" data-id=\"01fb93b\" data-element_type=\"container\">\n\t\t\t\t\t<div class=\"e-con-inner\">\n\t\t\t\t<div class=\"elementor-element elementor-element-ba40d0d elementor-widget elementor-widget-image\" data-id=\"ba40d0d\" data-element_type=\"widget\" data-widget_type=\"image.default\">\n\t\t\t\t\t\t\t\t\t\t\t\t\t\t\t<img fetchpriority=\"high\" decoding=\"async\" width=\"800\" height=\"534\" src=\"https:\/\/www.taborcheb.cz\/wp-content\/uploads\/2024\/08\/IMG_7342-1024x683.jpg\" class=\"attachment-large size-large wp-image-861\" alt=\"\" srcset=\"https:\/\/www.taborcheb.cz\/wp-content\/uploads\/2024\/08\/IMG_7342-1024x683.jpg 1024w, https:\/\/www.taborcheb.cz\/wp-content\/uploads\/2024\/08\/IMG_7342-300x200.jpg 300w, https:\/\/www.taborcheb.cz\/wp-content\/uploads\/2024\/08\/IMG_7342-768x512.jpg 768w, https:\/\/www.taborcheb.cz\/wp-content\/uploads\/2024\/08\/IMG_7342-1536x1024.jpg 1536w, https:\/\/www.taborcheb.cz\/wp-content\/uploads\/2024\/08\/IMG_7342-2048x1365.jpg 2048w, https:\/\/www.taborcheb.cz\/wp-content\/uploads\/2024\/08\/IMG_7342-200x133.jpg 200w, https:\/\/www.taborcheb.cz\/wp-content\/uploads\/2024\/08\/IMG_7342-1200x800.jpg 1200w, https:\/\/www.taborcheb.cz\/wp-content\/uploads\/2024\/08\/IMG_7342-1320x880.jpg 1320w\" sizes=\"(max-width: 800px) 100vw, 800px\" \/>\t\t\t\t\t\t\t\t\t\t\t\t\t\t\t<\/div>\n\t\t\t\t\t<\/div>\n\t\t\t\t<\/div>\n\t\t<div class=\"elementor-element elementor-element-4fff403 e-flex e-con-boxed e-con e-parent\" data-id=\"4fff403\" data-element_type=\"container\">\n\t\t\t\t\t<div class=\"e-con-inner\">\n\t\t\t\t<div class=\"elementor-element elementor-element-0b50d29 elementor-widget elementor-widget-text-editor\" data-id=\"0b50d29\" data-element_type=\"widget\" data-widget_type=\"text-editor.default\">\n\t\t\t\t\t\t\t\t\t<p><span style=\"color: #000080;\"><b>Capoeira<\/b>\u00a0je brazilsk\u00e9\u00a0<a style=\"color: #000080;\" title=\"Bojov\u00e9 um\u011bn\u00ed\" href=\"https:\/\/cs.wikipedia.org\/wiki\/Bojov%C3%A9_um%C4%9Bn%C3%AD\">bojov\u00e9 um\u011bn\u00ed<\/a>\u00a0obsahuj\u00edc\u00ed prvky\u00a0<a style=\"color: #000080;\" title=\"Akrobacie\" href=\"https:\/\/cs.wikipedia.org\/wiki\/Akrobacie\">akrobacie<\/a>\u00a0a\u00a0<a style=\"color: #000080;\" title=\"Tanec\" href=\"https:\/\/cs.wikipedia.org\/wiki\/Tanec\">tance<\/a>, doprov\u00e1zen\u00e9 hudbou.<sup id=\"cite_ref-1\" class=\"reference\"><a style=\"color: #000080;\" href=\"https:\/\/cs.wikipedia.org\/wiki\/Capoeira#cite_note-1\">[1]<\/a><\/sup><\/span><\/p>\n<p><span style=\"color: #000080;\">Kol\u00e9bkou capoeiry je\u00a0<a style=\"color: #000080;\" title=\"Braz\u00edlie\" href=\"https:\/\/cs.wikipedia.org\/wiki\/Braz%C3%ADlie\">brazilsk\u00fd<\/a>\u00a0st\u00e1t\u00a0<a style=\"color: #000080;\" title=\"Bahia\" href=\"https:\/\/cs.wikipedia.org\/wiki\/Bahia\">Bahia<\/a>, tradi\u010dn\u011b zem\u011bd\u011blsk\u00e1 oblast, kter\u00e1 je historicky negativn\u011b poznamen\u00e1na masov\u00fdm dovozem africk\u00fdch otrok\u016f. Capoeira je tradi\u010dn\u011b pova\u017eov\u00e1na za jeden z nejv\u00fdznamn\u011bj\u0161\u00edch fenom\u00e9n\u016f p\u016fvodn\u011b africk\u00e9 \u2013 p\u0159edev\u0161\u00edm pak angolsk\u00e9 \u2013 kulturn\u00ed tradice a za v\u00fdsledek n\u00e1sledn\u00e9 synt\u00e9zy africk\u00e9, p\u016fvodn\u00ed brazilsk\u00e9 a expandovan\u00e9 evropsk\u00e9 kultury na \u00fazem\u00ed Braz\u00edlie.<\/span><\/p>\n<p><span style=\"color: #000080;\"><i style=\"font-family: sans-serif; background-color: #ffffff;\">Wikipedie: Otev\u0159en\u00e1 encyklopedie: Capoeira<\/i><span style=\"font-family: sans-serif; font-size: 14px; font-style: normal; font-variant-ligatures: normal; font-variant-caps: normal; font-weight: 400; background-color: #ffffff;\">\u00a0[online]. c2024 [citov\u00e1no 16.\u00a008.\u00a02024]. Dostupn\u00fd z WWW: &lt;<\/span><a class=\"external free\" style=\"color: #000080; background-color: #ffffff; border-radius: 2px; overflow-wrap: break-word; font-family: sans-serif; font-size: 14px; font-style: normal; font-variant-ligatures: normal; font-variant-caps: normal; font-weight: 400; background-image: none !important; background-position: initial !important; background-size: initial !important; background-repeat: initial !important; background-attachment: initial !important; background-origin: initial !important; background-clip: initial !important;\" href=\"https:\/\/cs.wikipedia.org\/w\/index.php?title=Capoeira&amp;oldid=23776980\">https:\/\/cs.wikipedia.org\/w\/index.php?title=Capoeira&amp;oldid=23776980<\/a><span style=\"font-family: sans-serif; font-size: 14px; font-style: normal; font-variant-ligatures: normal; font-variant-caps: normal; font-weight: 400; background-color: #ffffff;\">&gt;<\/span><br \/><\/span><\/p>\t\t\t\t\t\t\t\t<\/div>\n\t\t\t\t\t<\/div>\n\t\t\t\t<\/div>\n\t\t<div class=\"elementor-element elementor-element-a719df9 e-flex e-con-boxed e-con e-parent\" data-id=\"a719df9\" data-element_type=\"container\">\n\t\t\t\t\t<div class=\"e-con-inner\">\n\t\t<div class=\"elementor-element elementor-element-303c38d e-con-full e-flex e-con e-child\" data-id=\"303c38d\" data-element_type=\"container\">\n\t\t\t\t<div class=\"elementor-element elementor-element-9c1e7a4 elementor-widget elementor-widget-image\" data-id=\"9c1e7a4\" data-element_type=\"widget\" data-widget_type=\"image.default\">\n\t\t\t\t\t\t\t\t\t\t\t\t\t\t\t<img decoding=\"async\" width=\"724\" height=\"1024\" src=\"https:\/\/www.taborcheb.cz\/wp-content\/uploads\/2025\/08\/unnamed-4-724x1024.jpg\" class=\"attachment-large size-large wp-image-1484\" alt=\"\" srcset=\"https:\/\/www.taborcheb.cz\/wp-content\/uploads\/2025\/08\/unnamed-4-724x1024.jpg 724w, https:\/\/www.taborcheb.cz\/wp-content\/uploads\/2025\/08\/unnamed-4-212x300.jpg 212w, https:\/\/www.taborcheb.cz\/wp-content\/uploads\/2025\/08\/unnamed-4-768x1086.jpg 768w, https:\/\/www.taborcheb.cz\/wp-content\/uploads\/2025\/08\/unnamed-4-1086x1536.jpg 1086w, https:\/\/www.taborcheb.cz\/wp-content\/uploads\/2025\/08\/unnamed-4.jpg 1131w\" sizes=\"(max-width: 724px) 100vw, 724px\" \/>\t\t\t\t\t\t\t\t\t\t\t\t\t\t\t<\/div>\n\t\t\t\t<\/div>\n\t\t<div class=\"elementor-element elementor-element-614431e e-con-full e-flex e-con e-child\" data-id=\"614431e\" data-element_type=\"container\">\n\t\t\t\t<div class=\"elementor-element elementor-element-569d2a2 elementor-widget elementor-widget-html\" data-id=\"569d2a2\" data-element_type=\"widget\" data-widget_type=\"html.default\">\n\t\t\t\t\t<iframe src=\"https:\/\/calendar.google.com\/calendar\/embed?height=600&wkst=2&ctz=Europe%2FWarsaw&showPrint=0&showTitle=0&showDate=0&mode=AGENDA&src=MjYxYWZhZGJkNDA2OTU3OTczODdmZWEyZDlhZTJhOTk1NmI5MDhmOGMxZGU1MTEyODI0Nzc3ZTNhMzUwNTY5OUBncm91cC5jYWxlbmRhci5nb29nbGUuY29t&src=OWFkZjQ0OGJhOTZhZmMyYmNkMGE0YmM3ZDU4Zjg2ZWU3ZDI3YWU4MjBlM2I4YjU1MjcyMTQ3Nzk5NTc2ZmE2NUBncm91cC5jYWxlbmRhci5nb29nbGUuY29t&color=%237cb342&color=%233f51b5\" style=\"border:solid 1px #777\" width=\"500\" height=\"600\" frameborder=\"0\" scrolling=\"no\"><\/iframe>\t\t\t\t<\/div>\n\t\t\t\t<\/div>\n\t\t\t\t\t<\/div>\n\t\t\t\t<\/div>\n\t\t<div class=\"elementor-element elementor-element-ed69803 e-flex e-con-boxed e-con e-parent\" data-id=\"ed69803\" data-element_type=\"container\">\n\t\t\t\t\t<div class=\"e-con-inner\">\n\t\t\t\t<div class=\"elementor-element elementor-element-7891606 elementor-widget elementor-widget-heading\" data-id=\"7891606\" data-element_type=\"widget\" data-widget_type=\"heading.default\">\n\t\t\t\t\t<h2 class=\"elementor-heading-title elementor-size-default\">TR\u00c9NINKY VEDEME V T\u011aCHTO M\u011aSTECH<\/h2>\t\t\t\t<\/div>\n\t\t\t\t\t<\/div>\n\t\t\t\t<\/div>\n\t\t<div class=\"elementor-element elementor-element-fe47022 e-flex e-con-boxed e-con e-parent\" data-id=\"fe47022\" data-element_type=\"container\">\n\t\t\t\t\t<div class=\"e-con-inner\">\n\t\t<div class=\"elementor-element elementor-element-321b0a8 e-con-full e-flex e-con e-child\" data-id=\"321b0a8\" data-element_type=\"container\">\n\t\t\t\t<div class=\"elementor-element elementor-element-166872f elementor-widget elementor-widget-heading\" data-id=\"166872f\" data-element_type=\"widget\" data-widget_type=\"heading.default\">\n\t\t\t\t\t<h2 class=\"elementor-heading-title elementor-size-default\">CHEB<\/h2>\t\t\t\t<\/div>\n\t\t\t\t<\/div>\n\t\t<div class=\"elementor-element elementor-element-9e0066a e-con-full e-flex e-con e-child\" data-id=\"9e0066a\" data-element_type=\"container\">\n\t\t\t\t<div class=\"elementor-element elementor-element-b513063 elementor-widget elementor-widget-heading\" data-id=\"b513063\" data-element_type=\"widget\" data-widget_type=\"heading.default\">\n\t\t\t\t\t<h2 class=\"elementor-heading-title elementor-size-default\">PLAN\u00c1 U ML<\/h2>\t\t\t\t<\/div>\n\t\t\t\t<\/div>\n\t\t\t\t\t<\/div>\n\t\t\t\t<\/div>\n\t\t<div class=\"elementor-element elementor-element-dbed450 e-flex e-con-boxed e-con e-parent\" data-id=\"dbed450\" data-element_type=\"container\">\n\t\t\t\t\t<div class=\"e-con-inner\">\n\t\t<div class=\"elementor-element elementor-element-4de5b72 e-con-full e-flex e-con e-child\" data-id=\"4de5b72\" data-element_type=\"container\">\n\t\t\t\t<div class=\"elementor-element elementor-element-b17ae52 elementor-widget elementor-widget-text-editor\" data-id=\"b17ae52\" data-element_type=\"widget\" data-widget_type=\"text-editor.default\">\n\t\t\t\t\t\t\t\t\t<p><span style=\"color: #000080;\"><b>klubovna v ulici v Karlova 17, Cheb<\/b><\/span><\/p>\n<p><span style=\"color: #000080;\">pond\u011bl\u00ed 18:00 &#8211; 20:00<\/span><\/p>\n<p><span style=\"color: #000080;\">p\u00e1tek 18:00 &#8211; 20:00<span style=\"font-size: 14px;\">\u00a0<\/span><\/span><\/p>\n<p><span style=\"color: #000080;\">2500 K\u010d\/p\u016flro\u010dn\u011b (platba z\u00e1\u0159\u00ed a \u00fanor &#8211; 2x = 5000 K\u010d)<\/span><\/p>\n<p><span style=\"color: #000080;\">Za\u010d\u00edn\u00e1me od 1.9.2025<\/span><\/p>\t\t\t\t\t\t\t\t<\/div>\n\t\t\t\t<\/div>\n\t\t<div class=\"elementor-element elementor-element-02071d2 e-con-full e-flex e-con e-child\" data-id=\"02071d2\" data-element_type=\"container\">\n\t\t\t\t<div class=\"elementor-element elementor-element-6e18b96 elementor-widget elementor-widget-text-editor\" data-id=\"6e18b96\" data-element_type=\"widget\" data-widget_type=\"text-editor.default\">\n\t\t\t\t\t\t\t\t\t<p><span style=\"color: #000080;\"><strong>Z\u0160 Plan\u00e1 &#8211; t\u011blocvi\u010dna<\/strong><\/span><\/p>\n<p><span style=\"color: #000080;\">\u00fater\u00fd 18:00 &#8211; 20:00<\/span><\/p>\n<p><span style=\"color: #000080;\">\u010dtvrtek 18:00 &#8211; 20:00<\/span><\/p>\n<p><span style=\"color: #000080;\">P\u0159ihla\u0161ov\u00e1n\u00ed prob\u00edh\u00e1 na webu DDM Plan\u00e1 zde <\/span><a href=\"https:\/\/www.zs-plana.cz\/jak-se-prihlasit\/\">JAK SE P\u0158IHL\u00c1SIT \u2013 Z\u0160 Plan\u00e1 (zs-plana.cz)<\/a>.<\/p>\t\t\t\t\t\t\t\t<\/div>\n\t\t\t\t<\/div>\n\t\t\t\t\t<\/div>\n\t\t\t\t<\/div>\n\t\t<div class=\"elementor-element elementor-element-ac59127 e-flex e-con-boxed e-con e-parent\" data-id=\"ac59127\" data-element_type=\"container\">\n\t\t\t\t\t<div class=\"e-con-inner\">\n\t\t\t\t<div class=\"elementor-element elementor-element-3855d29 elementor-widget elementor-widget-heading\" data-id=\"3855d29\" data-element_type=\"widget\" data-widget_type=\"heading.default\">\n\t\t\t\t\t<h2 class=\"elementor-heading-title elementor-size-default\">TREN\u00c9\u0158I<\/h2>\t\t\t\t<\/div>\n\t\t\t\t\t<\/div>\n\t\t\t\t<\/div>\n\t\t<div class=\"elementor-element elementor-element-f2e8075 e-flex e-con-boxed e-con e-parent\" data-id=\"f2e8075\" data-element_type=\"container\">\n\t\t\t\t\t<div class=\"e-con-inner\">\n\t\t<div class=\"elementor-element elementor-element-644eee6 e-con-full e-flex e-con e-child\" data-id=\"644eee6\" data-element_type=\"container\">\n\t\t\t\t<div class=\"elementor-element elementor-element-38f7095 elementor-widget elementor-widget-heading\" data-id=\"38f7095\" data-element_type=\"widget\" data-widget_type=\"heading.default\">\n\t\t\t\t\t<h2 class=\"elementor-heading-title elementor-size-default\">PAVEL JARU\u0160EK<\/h2>\t\t\t\t<\/div>\n\t\t\t\t<\/div>\n\t\t<div class=\"elementor-element elementor-element-2ca9c2e e-con-full e-flex e-con e-child\" data-id=\"2ca9c2e\" data-element_type=\"container\">\n\t\t\t\t<div class=\"elementor-element elementor-element-baf03f5 elementor-widget elementor-widget-heading\" data-id=\"baf03f5\" data-element_type=\"widget\" data-widget_type=\"heading.default\">\n\t\t\t\t\t<h2 class=\"elementor-heading-title elementor-size-default\">RADOVAN JARO\u0160<\/h2>\t\t\t\t<\/div>\n\t\t\t\t<\/div>\n\t\t\t\t\t<\/div>\n\t\t\t\t<\/div>\n\t\t<div class=\"elementor-element elementor-element-0f94eb4 e-flex e-con-boxed e-con e-parent\" data-id=\"0f94eb4\" data-element_type=\"container\">\n\t\t\t\t\t<div class=\"e-con-inner\">\n\t\t<div class=\"elementor-element elementor-element-87c23cb e-con-full e-flex e-con e-child\" data-id=\"87c23cb\" data-element_type=\"container\">\n\t\t\t\t<div class=\"elementor-element elementor-element-559305b elementor-widget elementor-widget-heading\" data-id=\"559305b\" data-element_type=\"widget\" data-widget_type=\"heading.default\">\n\t\t\t\t\t<h2 class=\"elementor-heading-title elementor-size-default\">DANIELA HOMULKOV\u00c1<\/h2>\t\t\t\t<\/div>\n\t\t\t\t<\/div>\n\t\t<div class=\"elementor-element elementor-element-6131996 e-con-full e-flex e-con e-child\" data-id=\"6131996\" data-element_type=\"container\">\n\t\t\t\t<div class=\"elementor-element elementor-element-ec60cfb elementor-widget elementor-widget-heading\" data-id=\"ec60cfb\" data-element_type=\"widget\" data-widget_type=\"heading.default\">\n\t\t\t\t\t<h2 class=\"elementor-heading-title elementor-size-default\">RADEK KALINA<\/h2>\t\t\t\t<\/div>\n\t\t\t\t<\/div>\n\t\t\t\t\t<\/div>\n\t\t\t\t<\/div>\n\t\t<div class=\"elementor-element elementor-element-1597da1 e-flex e-con-boxed e-con e-parent\" data-id=\"1597da1\" data-element_type=\"container\">\n\t\t\t\t\t<div class=\"e-con-inner\">\n\t\t<div class=\"elementor-element elementor-element-603ca10 e-con-full e-flex e-con e-child\" data-id=\"603ca10\" data-element_type=\"container\">\n\t\t\t\t<div class=\"elementor-element elementor-element-162b32c elementor-widget elementor-widget-heading\" data-id=\"162b32c\" data-element_type=\"widget\" data-widget_type=\"heading.default\">\n\t\t\t\t\t<h2 class=\"elementor-heading-title elementor-size-default\">OND\u0158EJ STR\u00ddC<\/h2>\t\t\t\t<\/div>\n\t\t\t\t<\/div>\n\t\t<div class=\"elementor-element elementor-element-65361c2 e-con-full e-flex e-con e-child\" data-id=\"65361c2\" data-element_type=\"container\">\n\t\t\t\t<\/div>\n\t\t\t\t\t<\/div>\n\t\t\t\t<\/div>\n\t\t\t\t<\/div>\n\t\t","protected":false},"excerpt":{"rendered":"<p>Zakladatelem klubu LIBRE CAPOEIRA TEAM je Pavel Jaru\u0161ek, kter\u00fd ji\u017e v roce 2003 za\u010dal p\u0159ed\u00e1vat sv\u00e9 zku\u0161enosti ostatn\u00edm z\u00e1jemc\u016fm. Klub<\/p>\n","protected":false},"author":1,"featured_media":0,"parent":0,"menu_order":0,"comment_status":"closed","ping_status":"closed","template":"","meta":{"footnotes":""},"class_list":["post-775","page","type-page","status-publish","hentry"],"_links":{"self":[{"href":"https:\/\/www.taborcheb.cz\/index.php?rest_route=\/wp\/v2\/pages\/775","targetHints":{"allow":["GET"]}}],"collection":[{"href":"https:\/\/www.taborcheb.cz\/index.php?rest_route=\/wp\/v2\/pages"}],"about":[{"href":"https:\/\/www.taborcheb.cz\/index.php?rest_route=\/wp\/v2\/types\/page"}],"author":[{"embeddable":true,"href":"https:\/\/www.taborcheb.cz\/index.php?rest_route=\/wp\/v2\/users\/1"}],"replies":[{"embeddable":true,"href":"https:\/\/www.taborcheb.cz\/index.php?rest_route=%2Fwp%2Fv2%2Fcomments&post=775"}],"version-history":[{"count":51,"href":"https:\/\/www.taborcheb.cz\/index.php?rest_route=\/wp\/v2\/pages\/775\/revisions"}],"predecessor-version":[{"id":1582,"href":"https:\/\/www.taborcheb.cz\/index.php?rest_route=\/wp\/v2\/pages\/775\/revisions\/1582"}],"wp:attachment":[{"href":"https:\/\/www.taborcheb.cz\/index.php?rest_route=%2Fwp%2Fv2%2Fmedia&parent=775"}],"curies":[{"name":"wp","href":"https:\/\/api.w.org\/{rel}","templated":true}]}}